{"id":89,"date":"2015-03-27T16:44:41","date_gmt":"2015-03-27T14:44:41","guid":{"rendered":"http:\/\/www.lautundgleise.de\/?page_id=89"},"modified":"2020-08-18T13:11:27","modified_gmt":"2020-08-18T11:11:27","slug":"widerrufsbelehrung","status":"publish","type":"page","link":"https:\/\/www.lautundgleise.de\/?page_id=89","title":{"rendered":"Widerrufsbelehrung"},"content":{"rendered":"<div class=\"avia_message_box_content\">\n<h3>R\u00fcckgaberecht<\/h3>\n<p><span style=\"font-family: georgia,palatino; font-size: 12pt;\">Sie k\u00f6nnen die erhaltene Ware ohne Angabe von Gr\u00fcnden innerhalb von 14 Tagen durch R\u00fccksendung der Ware zur\u00fcckgeben, sofern die Ware ungebraucht und original verpackt ist. Die Frist beginnt nach Erhalt dieser Belehrung in Textform (z.B. als Brief, Fax, E-Mail), jedoch nicht vor Eingang der Ware beim Empf\u00e4nger (bei der wiederkehrenden Lieferung gleichartiger Waren nicht vor Eingang der ersten Teillieferung) und auch nicht vor Erf\u00fcllung unserer Informationspflichten gem\u00e4\u00df Artikel 246 \u00a7 2 in Verbindung mit \u00a7 1 Absatz 1 und 2 EGBGB sowie unserer Pflichten gem\u00e4\u00df \u00a7 312g Absatz 1 Satz 1 BGB in Verbindung mit Artikel 246 \u00a7 3 EGBGB. Nur bei nicht paketversandf\u00e4higer Ware (z. B. bei sperrigen G\u00fctern) k\u00f6nnen Sie die R\u00fcckgabe auch durch R\u00fccknahmeverlangen in Textform erkl\u00e4ren. Zur Wahrung der Frist gen\u00fcgt die rechtzeitige Absendung der Ware oder des R\u00fccknahmeverlangens. In jedem Fall erfolgt die R\u00fccksendung auf unsere Kosten und Gefahr. Die R\u00fccksendung oder das R\u00fccknahmeverlangen hat zu erfolgen an:<\/span><\/p>\n<p><span style=\"font-family: georgia,palatino; font-size: 12pt;\"><strong>Laut und Gleise<\/strong><\/span><br \/>\n<span style=\"font-family: georgia,palatino; font-size: 12pt;\"> Verlag GbR<\/span><br \/>\n<span style=\"font-family: georgia,palatino; font-size: 12pt;\">Kurt-Schumacher-Stra\u00dfe 7d<\/span><\/p>\n<p><span style=\"font-family: georgia,palatino; font-size: 12pt;\">55124 Mainz<\/span><br \/>\n<span style=\"color: #c70615; font-family: georgia,palatino; font-size: 12pt;\"> <a style=\"color: #c70615;\" href=\"mailto:bahnpost@lautundgleise.de\">bahnpost@lautundgleise.de<\/a><\/span><\/p>\n<p><span style=\"font-family: georgia,palatino; font-size: 12pt;\">R\u00fcckgabefolgen<\/span><\/p>\n<p><span style=\"font-family: georgia,palatino; font-size: 12pt;\">Im Falle einer wirksamen R\u00fcckgabe sind die beiderseits empfangenen Leistungen zur\u00fcckzugew\u00e4hren und ggf. gezogene Nutzungen herauszugeben. Bei einer Verschlechterung der Sache und f\u00fcr Nutzungen (z. B. Gebrauchsvorteile), die nicht oder teilweise nicht oder nur in verschlechtertem Zustand herausgegeben werden k\u00f6nnen, m\u00fcssen Sie uns insoweit Wertersatz leisten. F\u00fcr die Verschlechterung der Sache und f\u00fcr gezogene Nutzungen m\u00fcssen Sie Wertersatz nur leisten, soweit die Nutzungen oder die Verschlechterung auf einen Umgang mit der Sache zur\u00fcckzuf\u00fchren ist, der \u00fcber die Pr\u00fcfung der Eigenschaften und der Funktionsweise hinausgeht. Unter \u2018Pr\u00fcfung der Eigenschaften und der Funktionsweise\u2019 versteht man das Testen und Ausprobieren der jeweiligen Ware, wie es etwa im Ladengesch\u00e4ft m\u00f6glich und \u00fcblich ist. Verpflichtungen zur Erstattung von Zahlungen m\u00fcssen innerhalb von 30 Tagen erf\u00fcllt werden. Die Frist beginnt f\u00fcr Sie mit der Absendung der Ware oder des R\u00fccknahmeverlangens, f\u00fcr uns mit dem Empfang.<\/span><\/p>\n<p><span style=\"font-family: georgia,palatino; font-size: 12pt;\">Ende der R\u00fcckgabebelehrung<\/span><\/p>\n<\/div>\n","protected":false},"excerpt":{"rendered":"<p>R\u00fcckgaberecht Sie k\u00f6nnen die erhaltene Ware ohne Angabe von Gr\u00fcnden innerhalb von 14 Tagen durch R\u00fccksendung der Ware zur\u00fcckgeben, sofern die Ware ungebraucht und original verpackt ist. Die Frist beginnt nach Erhalt dieser Belehrung in Textform (z.B. als Brief, Fax,<\/p>\n","protected":false},"author":1,"featured_media":0,"parent":0,"menu_order":0,"comment_status":"closed","ping_status":"open","template":"","meta":[],"_links":{"self":[{"href":"https:\/\/www.lautundgleise.de\/index.php?rest_route=\/wp\/v2\/pages\/89"}],"collection":[{"href":"https:\/\/www.lautundgleise.de\/index.php?rest_route=\/wp\/v2\/pages"}],"about":[{"href":"https:\/\/www.lautundgleise.de\/index.php?rest_route=\/wp\/v2\/types\/page"}],"author":[{"embeddable":true,"href":"https:\/\/www.lautundgleise.de\/index.php?rest_route=\/wp\/v2\/users\/1"}],"replies":[{"embeddable":true,"href":"https:\/\/www.lautundgleise.de\/index.php?rest_route=%2Fwp%2Fv2%2Fcomments&post=89"}],"version-history":[{"count":6,"href":"https:\/\/www.lautundgleise.de\/index.php?rest_route=\/wp\/v2\/pages\/89\/revisions"}],"predecessor-version":[{"id":348,"href":"https:\/\/www.lautundgleise.de\/index.php?rest_route=\/wp\/v2\/pages\/89\/revisions\/348"}],"wp:attachment":[{"href":"https:\/\/www.lautundgleise.de\/index.php?rest_route=%2Fwp%2Fv2%2Fmedia&parent=89"}],"curies":[{"name":"wp","href":"https:\/\/api.w.org\/{rel}","templated":true}]}}