{"id":407,"date":"2021-06-08T16:45:34","date_gmt":"2021-06-08T14:45:34","guid":{"rendered":"http:\/\/www.lautundgleise.de\/?page_id=407"},"modified":"2021-06-08T20:46:11","modified_gmt":"2021-06-08T18:46:11","slug":"links","status":"publish","type":"page","link":"https:\/\/www.lautundgleise.de\/?page_id=407","title":{"rendered":"Links"},"content":{"rendered":"<p><strong>Hier finden Sie eine kleine Auswahl uns wichtiger Seiten rund ums Thema Eisenbahn:<\/strong><\/p>\n<p>&nbsp;<\/p>\n<p><span style=\"color: #ff6600;\"><strong><a style=\"color: #ff6600;\" href=\"https:\/\/www.seyferthverlag.de\/\">Verlag Joachim Seyferth<\/a><\/strong><\/span><\/p>\n<p>Joachim Seyferth, herausragender Eisenbahnfotograf, Eisenbahner, Autor und Herausgeber von B\u00fcchern, Zeitschriften &amp; digitalen Produkten.<\/p>\n<p>Auf seiner Seite finden Sie monatlich aktuelle Fotos, Stellungnahmen zur Verkehrspolitik und vieles Weiteres mehr.<\/p>\n<p>&nbsp;<\/p>\n<p><span style=\"color: #ff6600;\"><strong><a style=\"color: #ff6600;\" href=\"http:\/\/www.der-schienenbus.de\/\">Die Zeitschrift \u00bbDer Schienenbus\u00ab<\/a><\/strong><\/span><\/p>\n<p>Nicht ganz zuf\u00e4llig ist Michael Fr\u00f6mming, Verleger und Autor bei Laut &amp; Gleise, auch Chefredakteur bei der Zeitschrift \u00bbDer Schienenbus\u00ab<\/p>\n<p>Sechs mal j\u00e4hrlich informiert dieses je ca. 100 Seiten umfassende Heft stets aktuell rund um das Thema Eisenbahn. Doch auch verkehrspolitische Aspekte kommen hier nicht zu kurz.<\/p>\n<p>&nbsp;<\/p>\n<p><a href=\"http:\/\/vt92.de\/\"><strong><span style=\"color: #ff6600;\">Der Dieseltriebwagen Vt92<\/span><\/strong><\/a><\/p>\n<p>Der \u00bbKartoffelk\u00e4fer\u00ab ist im Besitz einiger Eisenbahnfreunde, denen auch der Verlag nahe steht. Auf der Homepage zum Triebwagen gibt es viele Informationen zur bewegten Geschichte des Einzelg\u00e4ngers.<\/p>\n<p>&nbsp;<\/p>\n<p><a href=\"https:\/\/www.mdr.de\/mdr-thueringen\/podcast\/eisenbahn\/podcast-eisenbahn-bahn-zug-abenteuer-100.html\"><span style=\"color: #ff6600;\"><strong>Abenteuer Eisenbahn<\/strong><\/span><\/a><\/p>\n<p>Der Podcast von Markus Wetterauer beim MDR Th\u00fcringen informiert in spannenden, ca. 25 min\u00fctigen H\u00f6rbeitr\u00e4gen \u00fcber viele interessante Bereiche aus der \u00bbWelt der Eisenbahn\u00ab und nimmt den Zuh\u00f6rer immer ein gutes St\u00fcck mit auf die Reise. Unbedingt h\u00f6renswert!<\/p>\n<p>&nbsp;<\/p>\n<p>&nbsp;<\/p>\n","protected":false},"excerpt":{"rendered":"<p>Hier finden Sie eine kleine Auswahl uns wichtiger Seiten rund ums Thema Eisenbahn: &nbsp; Verlag Joachim Seyferth Joachim Seyferth, herausragender Eisenbahnfotograf, Eisenbahner, Autor und Herausgeber von B\u00fcchern, Zeitschriften &amp; digitalen Produkten. Auf seiner Seite finden Sie monatlich aktuelle Fotos, Stellungnahmen<\/p>\n","protected":false},"author":1,"featured_media":0,"parent":0,"menu_order":0,"comment_status":"closed","ping_status":"closed","template":"","meta":[],"_links":{"self":[{"href":"https:\/\/www.lautundgleise.de\/index.php?rest_route=\/wp\/v2\/pages\/407"}],"collection":[{"href":"https:\/\/www.lautundgleise.de\/index.php?rest_route=\/wp\/v2\/pages"}],"about":[{"href":"https:\/\/www.lautundgleise.de\/index.php?rest_route=\/wp\/v2\/types\/page"}],"author":[{"embeddable":true,"href":"https:\/\/www.lautundgleise.de\/index.php?rest_route=\/wp\/v2\/users\/1"}],"replies":[{"embeddable":true,"href":"https:\/\/www.lautundgleise.de\/index.php?rest_route=%2Fwp%2Fv2%2Fcomments&post=407"}],"version-history":[{"count":8,"href":"https:\/\/www.lautundgleise.de\/index.php?rest_route=\/wp\/v2\/pages\/407\/revisions"}],"predecessor-version":[{"id":416,"href":"https:\/\/www.lautundgleise.de\/index.php?rest_route=\/wp\/v2\/pages\/407\/revisions\/416"}],"wp:attachment":[{"href":"https:\/\/www.lautundgleise.de\/index.php?rest_route=%2Fwp%2Fv2%2Fmedia&parent=407"}],"curies":[{"name":"wp","href":"https:\/\/api.w.org\/{rel}","templated":true}]}}