{"id":291,"date":"2020-08-14T12:38:17","date_gmt":"2020-08-14T10:38:17","guid":{"rendered":"http:\/\/www.lautundgleise.de\/?page_id=291"},"modified":"2022-05-20T12:39:41","modified_gmt":"2022-05-20T10:39:41","slug":"das-tmt_buch","status":"publish","type":"page","link":"https:\/\/www.lautundgleise.de\/?page_id=291","title":{"rendered":"Das TMT-Buch"},"content":{"rendered":"<p>2021 erschienen und lieferbar:<\/p>\n<p><img loading=\"lazy\" class=\"alignnone size-medium wp-image-305\" src=\"http:\/\/www.lautundgleise.de\/wp-content\/uploads\/TMT_Buch_Mockup_100-300x231.jpg\" alt=\"\" width=\"300\" height=\"231\" srcset=\"https:\/\/www.lautundgleise.de\/wp-content\/uploads\/TMT_Buch_Mockup_100-300x231.jpg 300w, https:\/\/www.lautundgleise.de\/wp-content\/uploads\/TMT_Buch_Mockup_100-768x591.jpg 768w, https:\/\/www.lautundgleise.de\/wp-content\/uploads\/TMT_Buch_Mockup_100.jpg 948w\" sizes=\"(max-width: 300px) 100vw, 300px\" \/><\/p>\n<h2>Das \u00bbTMT-Buch\u00ab<\/h2>\n<p><strong>Mit dem Tramper-Monats-Ticket durch die Bundesrepublik der Achtziger \u2013\u2028 Jugenderinnerungen an Nebenbahnen und Altbaufahrzeuge<\/strong><\/p>\n<p>Das zweite Werk aus dem Verlag \u201eLaut&amp;Gleise\u201c des Autorenduos Michael Fr\u00f6mming (Mainz) und Horst Klein (Krefeld) l\u00e4sst TMT-Fahrer und begeisterte Eisenbahnfans in 17 Erlebnisberichten zu Wort kommen. Wie war es damals in den 1980-er Jahren, als vornehmlich Jungens per Schnellzug oder Intercity quer durchs Land fuhren, um alten, selten gewordenen Lokomotiven hinterherzujagen und Fotos zu schie\u00dfen? Oder in den betagten Schienenbussen auf Nebenbahnen unterwegs zu sein, die heute l\u00e4ngst von der Landkarte verschwunden sind? Nicht zu kurz kommt das Partygef\u00fchl in den komfortablen Abteilwagen oder Nachtz\u00fcgen. Kein Geld im Portemonnaie, gleichzeitig mussten Hunger und Durst gestillt werden. Kein Handy, daf\u00fcr ein fettes Bahn-Kursbuch mit allen Z\u00fcgen in der Fototasche.<\/p>\n<p>Illustriert wird das TMT-Buch mit eindrucksvollen und einmaligen Fotos aus jener Zeit. Seltene Z\u00fcge in einer tollen Landschaft, l\u00e4ngst ausrangierte Fahrzeugtypen und Impressionen entlang des Schienenstrangs geben Eindr\u00fccke von der Fahrt mit der damals gef\u00fchlt noch intakten Deutschen Bundesbahn.<\/p>\n<p>Mit Beitr\u00e4gen und Fotos von Leuten, die selber \u201eTMTler\u201c waren: Alberto Brosowsky, Michael Fr\u00f6mming, Ralf H\u00e4ndeler, Guido Kaesehagen, Horst Klein, Arne von Knebel, Matthias Lieb, Wolf-Dietmar Loos, Roland Sandkuhl, Andreas Schmidt, Peter Tennert, Andreas Wehmann und Christian Wenger.<\/p>\n<p>Steigen Sie ein in die Zeitreise in die Bundesrepublik der Achtziger!<\/p>\n<p><strong>Das \u00bbTMT-Buch\u00ab, 160 Seiten, durchgehend vierfarbig, Format 22 x 16 cm, Hardcover mit Leseb\u00e4ndchen, 125 Farbfotos, Preis: 24,80 \u20ac <\/strong><strong>(incl. Versand innerhalb Deutschlands).<br \/>\n<\/strong><\/p>\n<p>&nbsp;<\/p>\n<p><strong>Beispielseiten:<\/strong><\/p>\n<p><img loading=\"lazy\" class=\"alignnone wp-image-284 size-full\" src=\"http:\/\/www.lautundgleise.de\/wp-content\/uploads\/TMT_Buch_Mockup_2-scaled.jpg\" alt=\"\" width=\"2560\" height=\"986\" srcset=\"https:\/\/www.lautundgleise.de\/wp-content\/uploads\/TMT_Buch_Mockup_2-scaled.jpg 2560w, https:\/\/www.lautundgleise.de\/wp-content\/uploads\/TMT_Buch_Mockup_2-300x115.jpg 300w, https:\/\/www.lautundgleise.de\/wp-content\/uploads\/TMT_Buch_Mockup_2-1024x394.jpg 1024w, https:\/\/www.lautundgleise.de\/wp-content\/uploads\/TMT_Buch_Mockup_2-768x296.jpg 768w, https:\/\/www.lautundgleise.de\/wp-content\/uploads\/TMT_Buch_Mockup_2-1536x591.jpg 1536w, https:\/\/www.lautundgleise.de\/wp-content\/uploads\/TMT_Buch_Mockup_2-2048x788.jpg 2048w\" sizes=\"(max-width: 2560px) 100vw, 2560px\" \/><\/p>\n<p><img loading=\"lazy\" class=\"alignnone wp-image-285 size-full\" src=\"http:\/\/www.lautundgleise.de\/wp-content\/uploads\/TMT_Buch_Mockup_3-scaled.jpg\" alt=\"\" width=\"2560\" height=\"986\" srcset=\"https:\/\/www.lautundgleise.de\/wp-content\/uploads\/TMT_Buch_Mockup_3-scaled.jpg 2560w, https:\/\/www.lautundgleise.de\/wp-content\/uploads\/TMT_Buch_Mockup_3-300x115.jpg 300w, https:\/\/www.lautundgleise.de\/wp-content\/uploads\/TMT_Buch_Mockup_3-1024x394.jpg 1024w, https:\/\/www.lautundgleise.de\/wp-content\/uploads\/TMT_Buch_Mockup_3-768x296.jpg 768w, https:\/\/www.lautundgleise.de\/wp-content\/uploads\/TMT_Buch_Mockup_3-1536x591.jpg 1536w, https:\/\/www.lautundgleise.de\/wp-content\/uploads\/TMT_Buch_Mockup_3-2048x788.jpg 2048w\" sizes=\"(max-width: 2560px) 100vw, 2560px\" \/><\/p>\n<p><img loading=\"lazy\" class=\"alignnone size-full wp-image-286\" src=\"http:\/\/www.lautundgleise.de\/wp-content\/uploads\/TMT_Buch_Mockup_4-scaled.jpg\" alt=\"\" width=\"2560\" height=\"986\" srcset=\"https:\/\/www.lautundgleise.de\/wp-content\/uploads\/TMT_Buch_Mockup_4-scaled.jpg 2560w, https:\/\/www.lautundgleise.de\/wp-content\/uploads\/TMT_Buch_Mockup_4-300x115.jpg 300w, https:\/\/www.lautundgleise.de\/wp-content\/uploads\/TMT_Buch_Mockup_4-1024x394.jpg 1024w, https:\/\/www.lautundgleise.de\/wp-content\/uploads\/TMT_Buch_Mockup_4-768x296.jpg 768w, https:\/\/www.lautundgleise.de\/wp-content\/uploads\/TMT_Buch_Mockup_4-1536x591.jpg 1536w, https:\/\/www.lautundgleise.de\/wp-content\/uploads\/TMT_Buch_Mockup_4-2048x788.jpg 2048w\" sizes=\"(max-width: 2560px) 100vw, 2560px\" \/><\/p>\n<p><img loading=\"lazy\" class=\"alignnone size-full wp-image-287\" src=\"http:\/\/www.lautundgleise.de\/wp-content\/uploads\/TMT_Buch_Mockup_5-scaled.jpg\" alt=\"\" width=\"2560\" height=\"986\" srcset=\"https:\/\/www.lautundgleise.de\/wp-content\/uploads\/TMT_Buch_Mockup_5-scaled.jpg 2560w, https:\/\/www.lautundgleise.de\/wp-content\/uploads\/TMT_Buch_Mockup_5-300x116.jpg 300w, https:\/\/www.lautundgleise.de\/wp-content\/uploads\/TMT_Buch_Mockup_5-1024x395.jpg 1024w, https:\/\/www.lautundgleise.de\/wp-content\/uploads\/TMT_Buch_Mockup_5-768x296.jpg 768w, https:\/\/www.lautundgleise.de\/wp-content\/uploads\/TMT_Buch_Mockup_5-1536x592.jpg 1536w, https:\/\/www.lautundgleise.de\/wp-content\/uploads\/TMT_Buch_Mockup_5-2048x789.jpg 2048w\" sizes=\"(max-width: 2560px) 100vw, 2560px\" \/><\/p>\n<p>&nbsp;<\/p>\n<p><span style=\"color: #993300;\"><strong>Stimmen zum Buch:<\/strong><\/span><\/p>\n<p><span style=\"color: #993300;\"><em>Das Werk ist eine wirklich gelungene Erinnerung an die Jugendzeit einer Eisenbahnfreundegeneration, die durch die TMT-Fahrten verbunden und gepr\u00e4gt wurde (\u2026). <\/em><em>F\u00fcr alle ehemaligen Nutzer des TMT genau das richtige Werk. <\/em><em><span style=\"color: #993300;\">(Bahn Report 1\/2021, www.bahn-report.de)<\/span> <\/em><\/span><\/p>\n<p><span style=\"color: #993300;\"><em>Empfohlen werden kann das TMT-Buch vorbehaltlos allen Eisenbahnfreunden, die damals selbst mit dem Tramper-Monats-Ticket unterwegs waren, aber auch j\u00fcngere Leser werden sicherlich begeistert in den Erlebnisberichten schm\u00f6kern und erstaunt sein, welch tolles Angebot die Bundesbahn vor weit \u00fcber 30 Jahren ihren jungen Kunden gemacht hat. <\/em><em>(Arbeitsgemeinschaft Schienenverkehr M\u00fcnsterland (ASM) e.V., www.asm-muenster.de)<\/em><\/span><\/p>\n<p><span style=\"color: #993300;\"><em>Wahrscheinlich wei\u00df die Deutsche Bahn AG gar nicht, wie viele ihrer heutigen engagierten Mitarbeiter, F\u00fcrsprecher und Stammkunden ihr Vorg\u00e4nger, die Deutsche Bundesbahn, mit dem TMT bis zu seiner Abschaffung geschaffen hat. (\u2026) Der Rezensent, der dieses Buch \u201ein einem Zug\u201c w\u00e4hrend einer Bahnfahrt im IC mit einem Schmunzeln im Gesicht durchgelesen hat, fand sich in den beschriebenen Erlebnissen sofort wieder. Und ja, einige Bekanntschaften aus den Z\u00fcgen von damals bestehen tats\u00e4chlich bis heute (\u2026)! Wem es ebenso ergeht, dem wird dieses Buch eine Reise in die eigene Bahngeschichte sein und kann einschr\u00e4nkungslos empfohlen werden.<\/em><\/span><br \/>\n<span style=\"color: #993300;\"><em>(Drehscheibe 309, Februar 2021)<\/em><\/span><\/p>\n<p>&nbsp;<\/p>\n<h3>Bestellformular<\/h3>\n<p>(Statt Vor\u00fcberweisung, Kreditkartenbezahlung o.\u00e4. erhalten Sie nach Ihrer Bestellung und der Buchlieferung ganz klassisch eine Rechnung von uns)<\/p>\n<div role=\"form\" class=\"wpcf7\" id=\"wpcf7-f334-o1\" lang=\"de-DE\" dir=\"ltr\">\n<div class=\"screen-reader-response\"><p role=\"status\" aria-live=\"polite\" aria-atomic=\"true\"><\/p> <ul><\/ul><\/div>\n<form action=\"\/index.php?rest_route=%2Fwp%2Fv2%2Fpages%2F291#wpcf7-f334-o1\" method=\"post\" class=\"wpcf7-form init\" novalidate=\"novalidate\" data-status=\"init\">\n<div style=\"display: none;\">\n<input type=\"hidden\" name=\"_wpcf7\" value=\"334\" \/>\n<input type=\"hidden\" name=\"_wpcf7_version\" value=\"5.5.2\" \/>\n<input type=\"hidden\" name=\"_wpcf7_locale\" value=\"de_DE\" \/>\n<input type=\"hidden\" name=\"_wpcf7_unit_tag\" value=\"wpcf7-f334-o1\" \/>\n<input type=\"hidden\" name=\"_wpcf7_container_post\" value=\"0\" \/>\n<input type=\"hidden\" name=\"_wpcf7_posted_data_hash\" value=\"\" \/>\n<\/div>\n<p>Ihr Name<br \/>\n    <span class=\"wpcf7-form-control-wrap your-name\"><input type=\"text\" name=\"your-name\" value=\"\" size=\"40\" class=\"wpcf7-form-control wpcf7-text wpcf7-validates-as-required\" aria-required=\"true\" aria-invalid=\"false\" \/><\/span> <\/p>\n<p>Ihre E-Mail-Adresse<br \/>\n    <span class=\"wpcf7-form-control-wrap your-email\"><input type=\"email\" name=\"your-email\" value=\"\" size=\"40\" class=\"wpcf7-form-control wpcf7-text wpcf7-email wpcf7-validates-as-required wpcf7-validates-as-email\" aria-required=\"true\" aria-invalid=\"false\" \/><\/span> <\/p>\n<p>Ihre Stra\u00dfe\/Nr.<br \/>\n    <span class=\"wpcf7-form-control-wrap your-name2\"><input type=\"text\" name=\"your-name2\" value=\"\" size=\"40\" class=\"wpcf7-form-control wpcf7-text wpcf7-validates-as-required\" aria-required=\"true\" aria-invalid=\"false\" \/><\/span> <\/p>\n<p>PLZ\/Ort<br \/>\n    <span class=\"wpcf7-form-control-wrap your-name3\"><input type=\"text\" name=\"your-name3\" value=\"\" size=\"40\" class=\"wpcf7-form-control wpcf7-text wpcf7-validates-as-required\" aria-required=\"true\" aria-invalid=\"false\" \/><\/span><\/p>\n<p>Bestellmenge<br \/>\n     <span class=\"wpcf7-form-control-wrap menu-440\"><select name=\"menu-440\" class=\"wpcf7-form-control wpcf7-select\" aria-invalid=\"false\"><option value=\"1\">1<\/option><option value=\"2\">2<\/option><option value=\"3\">3<\/option><option value=\"4\">4<\/option><option value=\"5\">5<\/option><option value=\"6\">6<\/option><option value=\"7\">7<\/option><option value=\"8\">8<\/option><option value=\"9\">9<\/option><option value=\"10\">10<\/option><option value=\"11\">11<\/option><option value=\"12\">12<\/option><\/select><\/span><\/p>\n<p>Ihre Nachricht<br \/>\n    <span class=\"wpcf7-form-control-wrap your-message\"><textarea name=\"your-message\" cols=\"40\" rows=\"10\" class=\"wpcf7-form-control wpcf7-textarea\" aria-invalid=\"false\"><\/textarea><\/span> <\/p>\n<p><input type=\"submit\" value=\"Bestellen\" class=\"wpcf7-form-control has-spinner wpcf7-submit\" \/><\/p>\n<div class=\"wpcf7-response-output\" aria-hidden=\"true\"><\/div><\/form><\/div>\n<p><span style=\"color: #ff0000;\"><strong><a style=\"color: #ff0000;\" href=\"http:\/\/www.lautundgleise.de\/?page_id=89\">Widerrufsbelehrung<\/a><\/strong><\/span><\/p>\n","protected":false},"excerpt":{"rendered":"<p>2021 erschienen und lieferbar: Das \u00bbTMT-Buch\u00ab Mit dem Tramper-Monats-Ticket durch die Bundesrepublik der Achtziger \u2013\u2028 Jugenderinnerungen an Nebenbahnen und Altbaufahrzeuge Das zweite Werk aus dem Verlag \u201eLaut&amp;Gleise\u201c des Autorenduos Michael Fr\u00f6mming (Mainz) und Horst Klein (Krefeld) l\u00e4sst TMT-Fahrer und begeisterte<\/p>\n","protected":false},"author":1,"featured_media":0,"parent":0,"menu_order":0,"comment_status":"closed","ping_status":"closed","template":"","meta":[],"_links":{"self":[{"href":"https:\/\/www.lautundgleise.de\/index.php?rest_route=\/wp\/v2\/pages\/291"}],"collection":[{"href":"https:\/\/www.lautundgleise.de\/index.php?rest_route=\/wp\/v2\/pages"}],"about":[{"href":"https:\/\/www.lautundgleise.de\/index.php?rest_route=\/wp\/v2\/types\/page"}],"author":[{"embeddable":true,"href":"https:\/\/www.lautundgleise.de\/index.php?rest_route=\/wp\/v2\/users\/1"}],"replies":[{"embeddable":true,"href":"https:\/\/www.lautundgleise.de\/index.php?rest_route=%2Fwp%2Fv2%2Fcomments&post=291"}],"version-history":[{"count":48,"href":"https:\/\/www.lautundgleise.de\/index.php?rest_route=\/wp\/v2\/pages\/291\/revisions"}],"predecessor-version":[{"id":431,"href":"https:\/\/www.lautundgleise.de\/index.php?rest_route=\/wp\/v2\/pages\/291\/revisions\/431"}],"wp:attachment":[{"href":"https:\/\/www.lautundgleise.de\/index.php?rest_route=%2Fwp%2Fv2%2Fmedia&parent=291"}],"curies":[{"name":"wp","href":"https:\/\/api.w.org\/{rel}","templated":true}]}}