{"id":22,"date":"2015-03-23T18:55:10","date_gmt":"2015-03-23T16:55:10","guid":{"rendered":"http:\/\/www.lautundgleise.de\/?page_id=22"},"modified":"2025-11-19T13:37:59","modified_gmt":"2025-11-19T11:37:59","slug":"verlagsprogramm","status":"publish","type":"page","link":"https:\/\/www.lautundgleise.de\/?page_id=22","title":{"rendered":"Verlagsprogramm"},"content":{"rendered":"<p><strong>Soeben erschienen:<br \/><\/strong><\/p>\r\n<p><a href=\"http:\/\/www.lautundgleise.de\/wp-content\/uploads\/Rotka\u0308ppchen_Mockup_titel.jpg\"><img loading=\"lazy\" class=\"alignnone size-medium wp-image-512\" src=\"http:\/\/www.lautundgleise.de\/wp-content\/uploads\/Rotka\u0308ppchen_Mockup_titel-223x300.jpg\" alt=\"\" width=\"223\" height=\"300\" srcset=\"https:\/\/www.lautundgleise.de\/wp-content\/uploads\/Rotka\u0308ppchen_Mockup_titel-223x300.jpg 223w, https:\/\/www.lautundgleise.de\/wp-content\/uploads\/Rotka\u0308ppchen_Mockup_titel-762x1024.jpg 762w, https:\/\/www.lautundgleise.de\/wp-content\/uploads\/Rotka\u0308ppchen_Mockup_titel-768x1031.jpg 768w, https:\/\/www.lautundgleise.de\/wp-content\/uploads\/Rotka\u0308ppchen_Mockup_titel-1144x1536.jpg 1144w, https:\/\/www.lautundgleise.de\/wp-content\/uploads\/Rotka\u0308ppchen_Mockup_titel.jpg 1417w\" sizes=\"(max-width: 223px) 100vw, 223px\" \/><\/a><\/p>\r\n<p><span style=\"font-family: georgia,palatino; font-size: 12pt;\"><strong>Horst Klein: Rotk\u00e4ppchen rom\u00e2nesc<\/strong> \u2013 <strong>von personengebundenen Abfahrauftr\u00e4gen an rum\u00e4nischen Bahnh\u00f6fen<\/strong> (April 2025)<\/span><\/p>\r\n<p><span style=\"font-family: georgia,palatino; font-size: 12pt;\">140 Seiten, durchgehend vierfarbig, Format 17,5 x 23,5 cm, Hardcover mit Leseb\u00e4ndchen,<\/span><\/p>\r\n<p>in Kooperation mit Bummbummbooks, K\u00f6ln<\/p>\r\n<p><span style=\"font-family: georgia,palatino; font-size: 12pt;\">Preis: 45 \u20ac (incl. Versand innerhalb Deutschlands)<\/span><\/p>\r\n<p><span style=\"font-family: georgia,palatino; font-size: 12pt;\"><a href=\"https:\/\/www.lautundgleise.de\/?page_id=502\"><span style=\"color: #c70615;\"><strong>hier<\/strong><\/span> <\/a>Details sehen und bestellen<\/span><\/p>\r\n<p>&nbsp;<\/p>\r\n<p>&nbsp;<\/p>\r\n<p><a href=\"http:\/\/www.lautundgleise.de\/?page_id=84\"><img loading=\"lazy\" class=\"alignnone size-medium wp-image-49\" src=\"http:\/\/www.lautundgleise.de\/wp-content\/uploads\/Buch_Michael_titel_web-300x229.png\" alt=\"Buch_Michael_titel_web\" width=\"300\" height=\"229\" srcset=\"https:\/\/www.lautundgleise.de\/wp-content\/uploads\/Buch_Michael_titel_web-300x229.png 300w, https:\/\/www.lautundgleise.de\/wp-content\/uploads\/Buch_Michael_titel_web.png 425w\" sizes=\"(max-width: 300px) 100vw, 300px\" \/><\/a><\/p>\r\n<p><strong>Michael Fr\u00f6mming: Niedersachsens gro\u00dfe und kleine Strecken<\/strong> (Juni 2015)<\/p>\r\n<p>128 Seiten, durchgehend vierfarbig, Format 28 x 22 cm, Hardcover mit Leseb\u00e4ndchen<\/p>\r\n<p><span style=\"color: #ff0000;\"><strong>Preis reduziert: 14,90 \u20ac<\/strong><\/span> (ab 20. November 2025, incl. Versand innerhalb Deutschlands)<\/p>\r\n<p><span style=\"color: #ff0000;\"><a style=\"color: #ff0000;\" href=\"http:\/\/www.lautundgleise.de\/?page_id=84\"><strong>hier<\/strong> <\/a><\/span>Details sehen und bestellen<\/p>\r\n<p>&nbsp;<\/p>\r\n<p>&nbsp;<\/p>\r\n<p><a href=\"http:\/\/www.lautundgleise.de\/?page_id=291\"><img loading=\"lazy\" class=\"alignnone size-medium wp-image-305\" src=\"http:\/\/www.lautundgleise.de\/wp-content\/uploads\/TMT_Buch_Mockup_100-300x231.jpg\" alt=\"\" width=\"300\" height=\"231\" srcset=\"https:\/\/www.lautundgleise.de\/wp-content\/uploads\/TMT_Buch_Mockup_100-300x231.jpg 300w, https:\/\/www.lautundgleise.de\/wp-content\/uploads\/TMT_Buch_Mockup_100-768x591.jpg 768w, https:\/\/www.lautundgleise.de\/wp-content\/uploads\/TMT_Buch_Mockup_100.jpg 948w\" sizes=\"(max-width: 300px) 100vw, 300px\" \/><\/a><\/p>\r\n<p><span style=\"font-family: georgia, palatino, serif;\"><strong>Michael Fr\u00f6mming\/Horst Klein: Das TMT-Buch<\/strong> (November 2020)<\/span><\/p>\r\n<p><span style=\"font-family: georgia, palatino, serif;\">160 Seiten, durchgehend vierfarbig, Format 22 x 16 cm, Hardcover mit Leseb\u00e4ndchen<\/span><\/p>\r\n<p>Preis: 24,80 \u20ac (incl. Versand innerhalb Deutschlands)<\/p>\r\n<p><span style=\"font-family: georgia, palatino, serif;\"><span style=\"color: #ff0000;\"><a style=\"color: #ff0000;\" href=\"http:\/\/www.lautundgleise.de\/?page_id=291\"><strong>hier<\/strong><\/a><\/span> Details sehen und bestellen<\/span><\/p>\r\n<p>&nbsp;<\/p>\r\n<p><a href=\"http:\/\/www.lautundgleise.de\/wp-content\/uploads\/SH-titel_web.jpg\"><img loading=\"lazy\" class=\"alignnone size-medium wp-image-443\" src=\"http:\/\/www.lautundgleise.de\/wp-content\/uploads\/SH-titel_web-300x245.jpg\" alt=\"\" width=\"300\" height=\"245\" srcset=\"https:\/\/www.lautundgleise.de\/wp-content\/uploads\/SH-titel_web-300x245.jpg 300w, https:\/\/www.lautundgleise.de\/wp-content\/uploads\/SH-titel_web-1024x837.jpg 1024w, https:\/\/www.lautundgleise.de\/wp-content\/uploads\/SH-titel_web-768x628.jpg 768w, https:\/\/www.lautundgleise.de\/wp-content\/uploads\/SH-titel_web-1536x1255.jpg 1536w, https:\/\/www.lautundgleise.de\/wp-content\/uploads\/SH-titel_web.jpg 1882w\" sizes=\"(max-width: 300px) 100vw, 300px\" \/><\/a><\/p>\r\n\r\n<p><strong>Michael Fr\u00f6mming\/Horst Klein (Hg.): <\/strong><\/p>\r\n<p><strong>Schleswig-Holsteins gro\u00dfe und kleine Strecken<\/strong> (Mai 2023)<\/p>\r\n<p>144 Seiten, durchgehend vierfarbig, Format 28 x 22 cm, Hardcover mit Leseb\u00e4ndchen<\/p>\r\n<p>Preis: 34,90 \u20ac (incl. Versand innerhalb Deutschlands)<\/p>\r\n<p><span style=\"color: #ff0000;\"><a style=\"color: #ff0000;\" href=\"https:\/\/www.lautundgleise.de\/?page_id=444\"><strong>hier<\/strong> <\/a><\/span>Details sehen und bestellen<\/p>\r\n\r\n\r\n\r\n<p>&nbsp;<\/p>\r\n","protected":false},"excerpt":{"rendered":"<p>Soeben erschienen: Horst Klein: Rotk\u00e4ppchen rom\u00e2nesc \u2013 von personengebundenen Abfahrauftr\u00e4gen an rum\u00e4nischen Bahnh\u00f6fen (April 2025) 140 Seiten, durchgehend vierfarbig, Format 17,5 x 23,5 cm, Hardcover mit Leseb\u00e4ndchen, in Kooperation mit Bummbummbooks, K\u00f6ln Preis: 45 \u20ac (incl. Versand innerhalb Deutschlands) hier<\/p>\n","protected":false},"author":1,"featured_media":0,"parent":0,"menu_order":0,"comment_status":"closed","ping_status":"open","template":"","meta":[],"_links":{"self":[{"href":"https:\/\/www.lautundgleise.de\/index.php?rest_route=\/wp\/v2\/pages\/22"}],"collection":[{"href":"https:\/\/www.lautundgleise.de\/index.php?rest_route=\/wp\/v2\/pages"}],"about":[{"href":"https:\/\/www.lautundgleise.de\/index.php?rest_route=\/wp\/v2\/types\/page"}],"author":[{"embeddable":true,"href":"https:\/\/www.lautundgleise.de\/index.php?rest_route=\/wp\/v2\/users\/1"}],"replies":[{"embeddable":true,"href":"https:\/\/www.lautundgleise.de\/index.php?rest_route=%2Fwp%2Fv2%2Fcomments&post=22"}],"version-history":[{"count":48,"href":"https:\/\/www.lautundgleise.de\/index.php?rest_route=\/wp\/v2\/pages\/22\/revisions"}],"predecessor-version":[{"id":569,"href":"https:\/\/www.lautundgleise.de\/index.php?rest_route=\/wp\/v2\/pages\/22\/revisions\/569"}],"wp:attachment":[{"href":"https:\/\/www.lautundgleise.de\/index.php?rest_route=%2Fwp%2Fv2%2Fmedia&parent=22"}],"curies":[{"name":"wp","href":"https:\/\/api.w.org\/{rel}","templated":true}]}}