{"id":2,"date":"2015-03-19T14:37:16","date_gmt":"2015-03-19T14:37:16","guid":{"rendered":"http:\/\/www.lautundgleise.dehttp:\/\/www.lautundgleise.de\/?page_id=2"},"modified":"2025-04-15T13:48:15","modified_gmt":"2025-04-15T11:48:15","slug":"beispiel-seite","status":"publish","type":"page","link":"https:\/\/www.lautundgleise.de\/","title":{"rendered":"Aktuell"},"content":{"rendered":"<h2><span style=\"font-family: georgia, palatino, serif; font-size: 18pt;\"><span style=\"font-size: 12pt;\">Soeben erschienen:<\/span><strong><br \/>\n<\/strong><\/span><\/h2>\n<p><a href=\"http:\/\/www.lautundgleise.de\/wp-content\/uploads\/Rotka\u0308ppchen_Mockup_titel.jpg\"><img loading=\"lazy\" class=\"alignnone size-medium wp-image-512\" src=\"http:\/\/www.lautundgleise.de\/wp-content\/uploads\/Rotka\u0308ppchen_Mockup_titel-223x300.jpg\" alt=\"\" width=\"223\" height=\"300\" srcset=\"https:\/\/www.lautundgleise.de\/wp-content\/uploads\/Rotka\u0308ppchen_Mockup_titel-223x300.jpg 223w, https:\/\/www.lautundgleise.de\/wp-content\/uploads\/Rotka\u0308ppchen_Mockup_titel-762x1024.jpg 762w, https:\/\/www.lautundgleise.de\/wp-content\/uploads\/Rotka\u0308ppchen_Mockup_titel-768x1031.jpg 768w, https:\/\/www.lautundgleise.de\/wp-content\/uploads\/Rotka\u0308ppchen_Mockup_titel-1144x1536.jpg 1144w, https:\/\/www.lautundgleise.de\/wp-content\/uploads\/Rotka\u0308ppchen_Mockup_titel.jpg 1417w\" sizes=\"(max-width: 223px) 100vw, 223px\" \/><\/a><\/p>\n<p><span style=\"font-size: 18pt; color: #ff0000;\">Rotk\u00e4ppchen rom\u00e2nesc \u2013<br \/>\n<\/span><\/p>\n<p><strong>von personengebundenen Abfahrauftr\u00e4gen an rum\u00e4nischen Bahnh\u00f6fen<\/strong><\/p>\n<p>Horst Klein fotografierte auf seinen zahlreichen Bahnreisen durch Rum\u00e4nien die sogenannten \u201eRotk\u00e4ppchen\u201c, wie klassische Fahrdienstleiter, erkennbar an ihren roten M\u00fctzen auf den Bahnsteigen, liebevoll genannt werden. Er hielt die fl\u00fcchtigen Begegnungen mit ihnen fotografisch fest und beobachtet sie in ihrem Tun, dem \u201eAusf\u00fchren des Abfahrauftrages\u201c, welcher manchmal streng und ordentlich, mal aber auch leicht unabitioniert wirkt. Dar\u00fcber hinaus wirft er einen Blick auf die vorbeiziehenden Landschaften und l\u00e4sst das Buch so zu einer virtuellen Bahnreise durch ein bald verschwundenes Rum\u00e4nien werden.<\/p>\n<p>Das Buch entstand in Kooperation mit dem K\u00f6lner Fotobuchverlag BummBummBooks.<\/p>\n<p>140 Seiten, 17,5 x 23,5 cm, 89 Farbfotos<br \/>\nPreis: 45 \u20ac (inkl. Versand innerhalb Deutschlands)<\/p>\n<h2><span style=\"font-size: 12pt;\">Beispielseiten und die Bestellm\u00f6glichkeit des Buches finden Sie <a href=\"https:\/\/www.lautundgleise.de\/?page_id=502\"><span style=\"color: #ff0000;\">hier.<\/span><\/a><br \/>\n<\/span><\/h2>\n<p>&nbsp;<\/p>\n<p>&nbsp;<\/p>\n<p>&nbsp;<\/p>\n<p>&nbsp;<\/p>\n","protected":false},"excerpt":{"rendered":"<p>Soeben erschienen: Rotk\u00e4ppchen rom\u00e2nesc \u2013 von personengebundenen Abfahrauftr\u00e4gen an rum\u00e4nischen Bahnh\u00f6fen Horst Klein fotografierte auf seinen zahlreichen Bahnreisen durch Rum\u00e4nien die sogenannten \u201eRotk\u00e4ppchen\u201c, wie klassische Fahrdienstleiter, erkennbar an ihren roten M\u00fctzen auf den Bahnsteigen, liebevoll genannt werden. Er hielt die<\/p>\n","protected":false},"author":1,"featured_media":0,"parent":0,"menu_order":0,"comment_status":"closed","ping_status":"open","template":"","meta":[],"_links":{"self":[{"href":"https:\/\/www.lautundgleise.de\/index.php?rest_route=\/wp\/v2\/pages\/2"}],"collection":[{"href":"https:\/\/www.lautundgleise.de\/index.php?rest_route=\/wp\/v2\/pages"}],"about":[{"href":"https:\/\/www.lautundgleise.de\/index.php?rest_route=\/wp\/v2\/types\/page"}],"author":[{"embeddable":true,"href":"https:\/\/www.lautundgleise.de\/index.php?rest_route=\/wp\/v2\/users\/1"}],"replies":[{"embeddable":true,"href":"https:\/\/www.lautundgleise.de\/index.php?rest_route=%2Fwp%2Fv2%2Fcomments&post=2"}],"version-history":[{"count":74,"href":"https:\/\/www.lautundgleise.de\/index.php?rest_route=\/wp\/v2\/pages\/2\/revisions"}],"predecessor-version":[{"id":555,"href":"https:\/\/www.lautundgleise.de\/index.php?rest_route=\/wp\/v2\/pages\/2\/revisions\/555"}],"wp:attachment":[{"href":"https:\/\/www.lautundgleise.de\/index.php?rest_route=%2Fwp%2Fv2%2Fmedia&parent=2"}],"curies":[{"name":"wp","href":"https:\/\/api.w.org\/{rel}","templated":true}]}}