{"id":158,"date":"2015-04-13T16:49:40","date_gmt":"2015-04-13T14:49:40","guid":{"rendered":"http:\/\/www.lautundgleise.de\/?page_id=158"},"modified":"2023-05-01T11:34:35","modified_gmt":"2023-05-01T09:34:35","slug":"agb-2","status":"publish","type":"page","link":"https:\/\/www.lautundgleise.de\/?page_id=158","title":{"rendered":"AGB"},"content":{"rendered":"<p><strong><span style=\"font-family: georgia,palatino; font-size: 12pt;\">Allgemeine Gesch\u00e4ftsbedingungen \u201eLaut und Gleise Verlags GbR\u201c<\/span><\/strong><br \/>\n<span style=\"font-family: georgia,palatino; font-size: 12pt;\"> Stand: 1. Mai 2023<\/span><\/p>\n<p><strong><span style=\"font-family: georgia,palatino; font-size: 12pt;\">1. Geltungsbereich<\/span><\/strong><br \/>\n<span style=\"font-family: georgia,palatino; font-size: 12pt;\"> F\u00fcr die Gesch\u00e4ftsbeziehungen zwischen der Laut und Gleise Verlags GbR, Hans-B\u00f6ckler-Str. 110, 55128 Mainz und Bestellern, die unser Online-Angebot nutzen, gelten ausschlie\u00dflich die nachfolgenden Allgemeinen Gesch\u00e4ftsbedingungen in ihrer zum Zeitpunkt der Bestellung g\u00fcltigen Fassung, soweit nicht schriftlich etwas anderes vereinbart wird. Gesch\u00e4ftsbedingungen des Kunden gelten nur, soweit wir ihnen schriftlich zustimmen. <\/span>S\u00e4mtliche Leistungen unseres Verlages richten sich ausschlie\u00dflich an Kunden, die ihr 18. Lebensjahr vollendet und ihren Wohnsitz oder gew\u00f6hnlichen Aufenthalt innerhalb von Deutschland haben.<\/p>\n<p><strong><span style=\"font-family: georgia,palatino; font-size: 12pt;\">2. Preise<\/span><\/strong><br \/>\n<span style=\"font-family: georgia,palatino; font-size: 12pt;\"> Bei allen Preisen handelt es sich um Endpreise. Die Preise verstehen sich inklusive Verpackung und der jeweilig g\u00fcltigen Umsatzsteuer.<\/span><\/p>\n<p><strong><span style=\"font-family: georgia,palatino; font-size: 12pt;\">3. Vertragsabschluss<\/span><\/strong><br \/>\n<span style=\"font-family: georgia,palatino; font-size: 12pt;\"> Durch Anklicken des Buttons \u201eBestellen\u201c gibt der Kunde eine verbindliche Bestellung der im virtuellen Warenkorb ausgew\u00e4hlten Waren ab. Die Bestellung ist ein verbindliches Angebot des Kunden auf Abschluss eines Kaufvertrags. Vertr\u00e4ge kommen erst durch unsere schriftliche Auftragsbest\u00e4tigung (per E-Mail, Fax, etc.) oder durch Lieferung der Ware zustande. Die Annahme der Bestellung erfolgt unter Vorbehalt, dass die Ware vorr\u00e4tig ist.<\/span><\/p>\n<p><strong><span style=\"font-family: georgia,palatino; font-size: 12pt;\">4. Zahlungen<\/span><\/strong><br \/>\n<span style=\"font-family: georgia,palatino; font-size: 12pt;\"> Die Zahlung erfolgt rein netto ohne Abzug von Skonto per \u00dcberweisung. Auslandszahlungen k\u00f6nnen per Kreditkarte geleistet werden. Bei Zahlung per \u00dcberweisung oder Kreditkarte ist der Rechnungsbetrag sofort nach Erhalt der Ware f\u00e4llig.<\/span><\/p>\n<p><strong><span style=\"font-family: georgia,palatino; font-size: 12pt;\">5. Eigentumsvorbehalt<\/span><\/strong><br \/>\n<span style=\"font-family: georgia,palatino; font-size: 12pt;\"> Wir behalten uns das Eigentum an den von uns gelieferten Waren vor, bis der Kunde den Kaufpreis vollst\u00e4ndig bezahlt hat.<\/span><\/p>\n<p><strong><span style=\"font-family: georgia,palatino; font-size: 12pt;\">6. R\u00fcckgaberecht<\/span><\/strong><br \/>\n<span style=\"font-family: georgia,palatino; font-size: 12pt;\"> Sie k\u00f6nnen die erhaltene Ware ohne Angabe von Gr\u00fcnden innerhalb von 14 Tagen durch R\u00fccksendung der Ware zur\u00fcckgeben, sofern die Ware ungebraucht und original verpackt ist. Die Frist beginnt nach Erhalt dieser Belehrung in Textform (z.B. als Brief, Fax, E-Mail), jedoch nicht vor Eingang der Ware beim Empf\u00e4nger (bei der wiederkehrenden Lieferung gleichartiger Waren nicht vor Eingang der ersten Teillieferung) und auch nicht vor Erf\u00fcllung unserer Informationspflichten gem\u00e4\u00df Artikel 246 \u00a7 2 in Verbindung mit \u00a7 1 Absatz 1 und 2 EGBGB sowie unserer Pflichten gem\u00e4\u00df \u00a7 312g Absatz 1 Satz 1 BGB in Verbindung mit Artikel 246 \u00a7 3 EGBGB. Nur bei nicht paketversandf\u00e4higer Ware (z. B. bei sperrigen G\u00fctern) k\u00f6nnen Sie die R\u00fcckgabe auch durch R\u00fccknahmeverlangen in Textform erkl\u00e4ren. Zur Wahrung der Frist gen\u00fcgt die rechtzeitige Absendung der Ware oder des R\u00fccknahmeverlangens. In jedem Fall erfolgt die R\u00fccksendung auf unsere Kosten und Gefahr. Die R\u00fccksendung oder das R\u00fccknahmeverlangen hat zu erfolgen an:<\/span><\/p>\n<p><span style=\"font-family: georgia,palatino; font-size: 12pt;\">Laut und Gleise <\/span><span style=\"font-family: georgia,palatino; font-size: 12pt;\">Verlag GbR,<\/span><br \/>\nKurt-Schumacher-Stra\u00dfe 7d, 55124 Mainz<br \/>\n<span style=\"font-family: georgia,palatino; font-size: 12pt;\"> bahnpost@lautundgleise.de<\/span><\/p>\n<p><strong><span style=\"font-family: georgia,palatino; font-size: 12pt;\">7. R\u00fcckgabefolgen<\/span><\/strong><br \/>\n<span style=\"font-family: georgia,palatino; font-size: 12pt;\"> Im Falle einer wirksamen R\u00fcckgabe sind die beiderseits empfangenen Leistungen zur\u00fcckzugew\u00e4hren und ggf. gezogene Nutzungen herauszugeben. Bei einer Verschlechterung der Sache und f\u00fcr Nutzungen (z. B. Gebrauchsvorteile), die nicht oder teilweise nicht oder nur in verschlechtertem Zustand herausgegeben werden k\u00f6nnen, m\u00fcssen Sie uns insoweit Wertersatz leisten. F\u00fcr die Verschlechterung der Sache und f\u00fcr gezogene Nutzungen m\u00fcssen Sie Wertersatz nur leisten, soweit die Nutzungen oder die Verschlechterung auf einen Umgang mit der Sache zur\u00fcckzuf\u00fchren ist, der \u00fcber die Pr\u00fcfung der Eigenschaften und der Funktionsweise hinausgeht. Unter \u2018Pr\u00fcfung der Eigenschaften und der Funktionsweise\u2019 versteht man das Testen und Ausprobieren der jeweiligen Ware, wie es etwa im Ladengesch\u00e4ft m\u00f6glich und \u00fcblich ist. Verpflichtungen zur Erstattung von Zahlungen m\u00fcssen innerhalb von 30 Tagen erf\u00fcllt werden. Die Frist beginnt f\u00fcr Sie mit der Absendung der Ware oder des R\u00fccknahmeverlangens, f\u00fcr uns mit dem Empfang.<\/span><\/p>\n<p><strong><span style=\"font-family: georgia,palatino; font-size: 12pt;\">8. Vertragspartner<\/span><\/strong><br \/>\n<span style=\"font-family: georgia,palatino; font-size: 12pt;\"> Dieser Online-Shop wird betrieben von:<\/span><br \/>\n<span style=\"font-family: georgia,palatino; font-size: 12pt;\"> der Laut und Gleise Verlags GbR, Kurt-Schumacher-Stra\u00dfe 7d, 55124 Mainz<\/span><br \/>\n<span style=\"font-family: georgia,palatino; font-size: 12pt;\"> (Michael Fr\u00f6mming, Horst Klein)<\/span><br \/>\n<span style=\"font-family: georgia,palatino; font-size: 12pt;\"> Steuernummer: 26-102-62855,<\/span><br \/>\n<span style=\"font-family: georgia,palatino; font-size: 12pt;\"> Finanzamt Mainz-Mitte<\/span><br \/>\n<span style=\"font-family: georgia,palatino; font-size: 12pt;\"> U-Ident: DE166069699<\/span><\/p>\n","protected":false},"excerpt":{"rendered":"<p>Allgemeine Gesch\u00e4ftsbedingungen \u201eLaut und Gleise Verlags GbR\u201c Stand: 1. Mai 2023 1. Geltungsbereich F\u00fcr die Gesch\u00e4ftsbeziehungen zwischen der Laut und Gleise Verlags GbR, Hans-B\u00f6ckler-Str. 110, 55128 Mainz und Bestellern, die unser Online-Angebot nutzen, gelten ausschlie\u00dflich die nachfolgenden Allgemeinen Gesch\u00e4ftsbedingungen in<\/p>\n","protected":false},"author":1,"featured_media":0,"parent":0,"menu_order":0,"comment_status":"closed","ping_status":"open","template":"","meta":[],"_links":{"self":[{"href":"https:\/\/www.lautundgleise.de\/index.php?rest_route=\/wp\/v2\/pages\/158"}],"collection":[{"href":"https:\/\/www.lautundgleise.de\/index.php?rest_route=\/wp\/v2\/pages"}],"about":[{"href":"https:\/\/www.lautundgleise.de\/index.php?rest_route=\/wp\/v2\/types\/page"}],"author":[{"embeddable":true,"href":"https:\/\/www.lautundgleise.de\/index.php?rest_route=\/wp\/v2\/users\/1"}],"replies":[{"embeddable":true,"href":"https:\/\/www.lautundgleise.de\/index.php?rest_route=%2Fwp%2Fv2%2Fcomments&post=158"}],"version-history":[{"count":8,"href":"https:\/\/www.lautundgleise.de\/index.php?rest_route=\/wp\/v2\/pages\/158\/revisions"}],"predecessor-version":[{"id":484,"href":"https:\/\/www.lautundgleise.de\/index.php?rest_route=\/wp\/v2\/pages\/158\/revisions\/484"}],"wp:attachment":[{"href":"https:\/\/www.lautundgleise.de\/index.php?rest_route=%2Fwp%2Fv2%2Fmedia&parent=158"}],"curies":[{"name":"wp","href":"https:\/\/api.w.org\/{rel}","templated":true}]}}